{"id":7644,"date":"2023-05-09T21:00:01","date_gmt":"2023-05-09T19:00:01","guid":{"rendered":"https:\/\/axel-wirth-maschinen.de\/WIP001\/food-industry\/"},"modified":"2023-05-16T12:41:44","modified_gmt":"2023-05-16T10:41:44","slug":"food-industry","status":"publish","type":"page","link":"https:\/\/axel-wirth-maschinen.de\/en\/food-industry\/","title":{"rendered":"Food industry"},"content":{"rendered":"\n<p>Wir liefern Beschichtungsanlagen f\u00fcr den speziellen Einsatz in Ihren Reinr\u00e4umen, dies ist h\u00e4ufig n\u00f6tig in der Lebensmittel- und Pharmaindustrie.<\/p>\n\n<p>Walzenauftrag in der Lebensmittelindustrie kommt u. A. zum Einsatz bei:<\/p>\n\n<p>-\u00a0\u00a0\u00a0\u00a0\u00a0\u00a0\u00a0\u00a0\u00a0\u00a0\u00a0\u00a0\u00a0 Beschichtung von R\u00e4ucherblechen<br\/>-\u00a0\u00a0\u00a0\u00a0\u00a0\u00a0\u00a0\u00a0\u00a0\u00a0\u00a0\u00a0\u00a0 Primern von Esspapier<br\/>-\u00a0\u00a0\u00a0\u00a0\u00a0\u00a0\u00a0\u00a0\u00a0\u00a0\u00a0\u00a0\u00a0 Beschichtung von Kunstwurstd\u00e4rmen<br\/>-\u00a0\u00a0\u00a0\u00a0\u00a0\u00a0\u00a0\u00a0\u00a0\u00a0\u00a0\u00a0\u00a0 Auftrag von Haftvermittler auf Lebensmittelverpackungen<br\/>-\u00a0\u00a0\u00a0\u00a0\u00a0\u00a0\u00a0\u00a0\u00a0\u00a0\u00a0\u00a0\u00a0 Auftrag von Trennmittel<br\/>-\u00a0\u00a0\u00a0\u00a0\u00a0\u00a0\u00a0\u00a0\u00a0\u00a0\u00a0\u00a0\u00a0 Polierscheiben im Gebrauch der Zahnmedizin<br\/><\/p>\n\n<p>Die Lebensmittelechtheit k\u00f6nnen wir bei der Konstruktion sowie den Gummierungen gew\u00e4hrleisten.<\/p>\n","protected":false},"excerpt":{"rendered":"<p>Food safety guaranteed.<\/p>\n","protected":false},"author":11,"featured_media":0,"parent":0,"menu_order":0,"comment_status":"closed","ping_status":"closed","template":"","meta":{"_acf_changed":false,"om_disable_all_campaigns":false,"advgb_blocks_editor_width":"","advgb_blocks_columns_visual_guide":"","_monsterinsights_skip_tracking":false,"_monsterinsights_sitenote_active":false,"_monsterinsights_sitenote_note":"","_monsterinsights_sitenote_category":0,"_uf_show_specific_survey":0,"_uf_disable_surveys":false,"footnotes":""},"categories":[],"tags":[],"class_list":["post-7644","page","type-page","status-publish","hentry"],"acf":[],"aioseo_notices":[],"coauthors":[],"author_meta":{"author_link":"https:\/\/axel-wirth-maschinen.de\/en\/author\/matej\/","display_name":"Matej Kovacic"},"relative_dates":{"created":"Posted 3 years ago","modified":"Updated 3 years ago"},"absolute_dates":{"created":"Posted on 9. May 2023","modified":"Updated on 16. May 2023"},"absolute_dates_time":{"created":"Posted on 9. May 2023 21:00","modified":"Updated on 16. May 2023 12:41"},"featured_img_caption":"","featured_img":false,"series_order":"","_links":{"self":[{"href":"https:\/\/axel-wirth-maschinen.de\/en\/wp-json\/wp\/v2\/pages\/7644","targetHints":{"allow":["GET"]}}],"collection":[{"href":"https:\/\/axel-wirth-maschinen.de\/en\/wp-json\/wp\/v2\/pages"}],"about":[{"href":"https:\/\/axel-wirth-maschinen.de\/en\/wp-json\/wp\/v2\/types\/page"}],"author":[{"embeddable":true,"href":"https:\/\/axel-wirth-maschinen.de\/en\/wp-json\/wp\/v2\/users\/11"}],"replies":[{"embeddable":true,"href":"https:\/\/axel-wirth-maschinen.de\/en\/wp-json\/wp\/v2\/comments?post=7644"}],"version-history":[{"count":6,"href":"https:\/\/axel-wirth-maschinen.de\/en\/wp-json\/wp\/v2\/pages\/7644\/revisions"}],"predecessor-version":[{"id":8226,"href":"https:\/\/axel-wirth-maschinen.de\/en\/wp-json\/wp\/v2\/pages\/7644\/revisions\/8226"}],"wp:attachment":[{"href":"https:\/\/axel-wirth-maschinen.de\/en\/wp-json\/wp\/v2\/media?parent=7644"}],"wp:term":[{"taxonomy":"category","embeddable":true,"href":"https:\/\/axel-wirth-maschinen.de\/en\/wp-json\/wp\/v2\/categories?post=7644"},{"taxonomy":"post_tag","embeddable":true,"href":"https:\/\/axel-wirth-maschinen.de\/en\/wp-json\/wp\/v2\/tags?post=7644"}],"curies":[{"name":"wp","href":"https:\/\/api.w.org\/{rel}","templated":true}]}}