{"id":407,"date":"2014-04-10T17:55:43","date_gmt":"2014-04-10T17:55:43","guid":{"rendered":"https:\/\/axel-wirth-maschinen.de\/WIP001\/?page_id=407"},"modified":"2023-05-10T09:58:43","modified_gmt":"2023-05-10T07:58:43","slug":"beispiel-seite","status":"publish","type":"page","link":"https:\/\/axel-wirth-maschinen.de\/en\/","title":{"rendered":"home"},"content":{"rendered":"<p><!-- Das folgende Skript dient zur korrekten \u00dcbergabe der URL f\u00fcr die vier Bilder im Hauptmenu f\u00fcr die Weiterleitung zu den vier Produktgruppen --><br><script>\/\/ <![CDATA[\r\nfunction fix_image_urls() {\r\nvar images = $(\"img\");\r\nfor (i = 0; i < images.length; i++) { var a = $(images[i]).attr(\"src\"); var b = a.replace(\/^http:\\\/\\\/axel-wirth-maschinen\\.de\\\/en\\\/\/, 'http:\\\/\\\/axel-wirth-maschinen\\.de'); $(images[i]).attr(\"src\", b); } } $(document).ready(function() { fix_image_urls(); });<br \/>\r\n\/\/ ]]><\/script><\/p>\r\n<h1>Gluing machines and roller applicators<\/h1>\r\n<p>[row]<\/p>\r\n<p>[span12]<\/p>\r\n<p>[carousel title=\"Top Products\" num=\"6\" type=\"blog\" category=\"top-produkte\" thumb=\"true\" thumb_width=\"199\" thumb_height=\"128\" date=\"no\" author=\"no\" min_items=\"2\" custom_class=\"featured-products\"]<\/p>\r\n<p>[\/span12]<\/p>\r\n<p>[span3]<\/p>\r\n<p>[banner img=\"\/wp-content\/uploads\/auftragsmedium.png\" banner_link=\"https:\/\/axel-wirth-maschinen.de\/en\/auftragsmedium\" title=\"Medias with our Machines\" text=\"Our machines facilitate the application of liquid and pasty media. Here you see a small range of possibilities!&nbsp;\" btn_text=\"More\" target=\"_self\" custom_class=\"banner-home\"]<\/p>\r\n<p>[\/span3]<\/p>\r\n<p>[span3]<\/p>\r\n<p>[banner img=\"\/wp-content\/uploads\/oelen-von-dielen-sehr-breit-und-sehr-lang_270_138.png\" banner_link=\"https:\/\/axel-wirth-maschinen.de\/?p=517\" title=\"Application on Flat Surfaces\" text=\"We are specialized in economic and high quality coating of surfaces in small quantities or in series production.\" btn_text=\"More\" target=\"_self\" custom_class=\"banner-home\"]<\/p>\r\n<p>[\/span3]<\/p>\r\n<p>[span3]<\/p>\r\n<p>[banner img=\"\/wp-content\/uploads\/Beschichtung_uebersicht_272_138.jpg\" banner_link=\"https:\/\/axel-wirth-maschinen.de\/en\/application-profiles\/\" title=\"Application on Profiles\" text=\"4-side coating on profiles requires a well-engineered technology.<br>Delivered from us! Of course!<br>\" btn_text=\"More\" target=\"_self\" custom_class=\"banner-home\"]<\/p>\r\n<p>[\/span3]<\/p>\r\n<p>[span3]<\/p>\r\n<p>[banner img=\"\/wp-content\/uploads\/Walzenuebersicht_270_138.jpg\" banner_link=\"https:\/\/axel-wirth-maschinen.de\/en\/rollers\/ \" title=\"Rollers From Specialists\" text=\"Coating by rollers is our speciality! Expertise acquired during decades for the optimal rollers for our customers! \" btn_text=\"More\" target=\"_self\" custom_class=\"banner-home\"]<\/p>\r\n<p>[\/span3]<\/p>\r\n<p>[\/row]<\/p>\r\n<p>[row]<\/p>\r\n<p>[span6]<\/p>\r\n<h2><span class=\"blueco\">Wirth. Egde Coating Line<\/span><br><strong>Oberfl\u00e4chenlinie mit Kantenbeschichter<\/strong><\/h2>\r\n<p><iframe loading=\"lazy\" src=\"https:\/\/www.youtube.com\/embed\/4NJ4Dteoyr4?rel=0&amp;controls=1&amp;showinfo=0\" width=\"570\" height=\"325\" frameborder=\"0\" allowfullscreen=\"allowfullscreen\"><\/iframe><\/p>\r\n<h2><span class=\"blueco\">Machines<\/span><br><strong>from the Expert<\/strong><\/h2>\r\n<p>In the south of Germany, a competent team produces some of the best machines for coating plain surfaces and profiles for the national and international market. This website shows some of the versatile fields of application of our machines, presents the company, the people and informs about current subjects. Should you have any questions?<\/p>\r\n<p>Just call us!<\/p>\r\n<p><strong><br>[button text=\"More\" link=\"https:\/\/axel-wirth-maschinen.de\/galerie\/\" style=\"default\" size=\"normal\" target=\"_self\" display=\"inline\" icon=\"no\" class=\"spacer-btn\"][\/span6]<\/strong><\/p>\r\n<p>[span6]<\/p>\r\n<h2><span class=\"blueco\">PROFILE AND SURFACE COATING<\/span><br><strong>FROM EXPERTS<\/strong><\/h2>\r\n<p><iframe loading=\"lazy\" src=\"https:\/\/www.youtube.com\/embed\/C5RXqXe3AFU?rel=0&amp;controls=1&amp;showinfo=0\" width=\"570\" height=\"325\" frameborder=\"0\" allowfullscreen=\"allowfullscreen\"><\/iframe><\/p>\r\n<h2><span class=\"blueco\">IMAGE BROSCHURE<\/span><br><strong>AXEL WIRTH MASCHINEN<\/strong><\/h2>\r\n<p><a href=\"https:\/\/axel-wirth-maschinen.de\/wp-content\/uploads\/Axel-Wirth-Maschinen-english_3.pdf\" target=\"_blank\" rel=\"attachment noopener wp-att-3778\"><img loading=\"lazy\" decoding=\"async\" class=\"alignnone wp-image-4572 size-full\" style=\"border: 1px solid white;\" src=\"https:\/\/axel-wirth-maschinen.de\/wp-content\/uploads\/Vorsprung-zum-Wettbewerb-mit-Axel-Wirth-Maschinen.png\" alt=\"\" width=\"800\" height=\"533\" srcset=\"https:\/\/axel-wirth-maschinen.de\/wp-content\/uploads\/Vorsprung-zum-Wettbewerb-mit-Axel-Wirth-Maschinen.png 800w, https:\/\/axel-wirth-maschinen.de\/wp-content\/uploads\/Vorsprung-zum-Wettbewerb-mit-Axel-Wirth-Maschinen-600x400.png 600w, https:\/\/axel-wirth-maschinen.de\/wp-content\/uploads\/Vorsprung-zum-Wettbewerb-mit-Axel-Wirth-Maschinen-768x512.png 768w\" sizes=\"auto, (max-width: 800px) 100vw, 800px\" \/><\/a><\/p>\r\n<p>[\/span6]<\/p>\r\n<p>[span6]<\/p>\r\n<h2><span class=\"blueco\">OUR<\/span><br><strong>NEWS<\/strong><\/h2>\r\n<p>[display-posts category=\"Homepage post\" wrapper=\"div\" wrapper_class=\"Startseitenbeitrag\" include_excerpt=\"true\" excerpt_length=\"40\" image_size=\"570x380\" excerpt_more=\"More\" excerpt_more_link=\"true\"]<br>[\/span6]<\/p>\r\n<p>[span3]<\/p>\r\n<h2><span class=\"blueco\">OUR<\/span><br><strong>PHILOSOPHY<\/strong><\/h2>\r\n<p>There is no \u201cit won\u2019t work\u201d. We produce high quality machines with half-finished products out of our own production for individual customers\u2019 requirements. We are coating almost everything.<\/p>\r\n<p>[button text=\"More\" link=\"https:\/\/axel-wirth-maschinen.de\/en\/our-philosophy\/\" style=\"default\" size=\"normal\" target=\"_self\" display=\"inline\" icon=\"no\"]<\/p>\r\n<p>[spacer]<\/p>\r\n<h2><span class=\"blueco\">OUR<\/span><br><strong>SERVICE<\/strong><\/h2>\r\n<p>Competent advice and production from the idea until delivery.<br>Assembly and Service through qualified men and women.<br>Worldwide<\/p>\r\n<p>[button text=\"More\" link=\"https:\/\/axel-wirth-maschinen.de\/en\/beispiel-seite\/service\/\" style=\"default\" size=\"normal\" target=\"_self\" display=\"inline\" icon=\"no\"]<\/p>\r\n<p>[\/span3]<\/p>\r\n<p>[span3]<\/p>\r\n<h2><span class=\"blueco\">TEST<\/span><br><strong>-WORKSHOP<\/strong><\/h2>\r\n<p>An own testing work shop enables the simulation of production situations.<br>Many manufacturing steps can be tested in Oberkochen with your substrate and your coating media.<\/p>\r\n<p>[button text=\"More\" link=\"https:\/\/axel-wirth-maschinen.de\/en\/technical_center\/ \" style=\"default\" size=\"normal\" target=\"_self\" display=\"inline\" icon=\"no\"][spacer]<\/p>\r\n<h2><span class=\"blueco\">WIRTH<\/span><br><strong>TRADE SHOW<\/strong><\/h2>\r\n<p>Several times a year, we participate in several trade fairs in order to present our products.<\/p>\r\n<p>[button text=\"More\" link=\"https:\/\/axel-wirth-maschinen.de\/en\/category\/fairs\/\" style=\"default\" size=\"normal\" target=\"_self\" display=\"inline\" icon=\"no\"]<\/p>\r\n<p>[\/span3]<\/p>\r\n<p>[\/row]<\/p>\r\n\r\n\r\n<p><\/p>\r\n","protected":false},"excerpt":{"rendered":"<p>Gluing machines and roller applicators [row] [span12] [carousel title=\"Top Products\" num=\"6\" type=\"blog\" category=\"top-produkte\" thumb=\"true\" thumb_width=\"199\" thumb_height=\"128\" date=\"no\" author=\"no\" min_items=\"2\" custom_class=\"featured-products\"] [\/span12] [span3] [banner img=\"\/wp-content\/uploads\/auftragsmedium.png\" banner_link=\"https:\/\/axel-wirth-maschinen.de\/en\/auftragsmedium\" title=\"Medias with our Machines\" text=\"Our machines facilitate the application of liquid and pasty media. Here you see a small range of possibilities!&nbsp;\" btn_text=\"More\" target=\"_self\" custom_class=\"banner-home\"] [\/span3] [span3] [banner img=\"\/wp-content\/uploads\/oelen-von-dielen-sehr-breit-und-sehr-lang_270_138.png\" banner_link=\"https:\/\/axel-wirth-maschinen.de\/?p=517\" [&hellip;]<\/p>\n","protected":false},"author":1,"featured_media":0,"parent":0,"menu_order":0,"comment_status":"open","ping_status":"closed","template":"","meta":{"_acf_changed":false,"om_disable_all_campaigns":false,"advgb_blocks_editor_width":"","advgb_blocks_columns_visual_guide":"","_monsterinsights_skip_tracking":false,"_monsterinsights_sitenote_active":false,"_monsterinsights_sitenote_note":"","_monsterinsights_sitenote_category":0,"_uf_show_specific_survey":0,"_uf_disable_surveys":false,"footnotes":""},"categories":[],"tags":[],"class_list":["post-407","page","type-page","status-publish","hentry"],"acf":[],"aioseo_notices":[],"coauthors":[],"author_meta":{"author_link":"https:\/\/axel-wirth-maschinen.de\/en\/author\/waaxewir\/","display_name":"waaxewir"},"relative_dates":{"created":"Posted 12 years ago","modified":"Updated 3 years ago"},"absolute_dates":{"created":"Posted on 10. April 2014","modified":"Updated on 10. May 2023"},"absolute_dates_time":{"created":"Posted on 10. April 2014 17:55","modified":"Updated on 10. May 2023 9:58"},"featured_img_caption":"","featured_img":false,"series_order":"","_links":{"self":[{"href":"https:\/\/axel-wirth-maschinen.de\/en\/wp-json\/wp\/v2\/pages\/407","targetHints":{"allow":["GET"]}}],"collection":[{"href":"https:\/\/axel-wirth-maschinen.de\/en\/wp-json\/wp\/v2\/pages"}],"about":[{"href":"https:\/\/axel-wirth-maschinen.de\/en\/wp-json\/wp\/v2\/types\/page"}],"author":[{"embeddable":true,"href":"https:\/\/axel-wirth-maschinen.de\/en\/wp-json\/wp\/v2\/users\/1"}],"replies":[{"embeddable":true,"href":"https:\/\/axel-wirth-maschinen.de\/en\/wp-json\/wp\/v2\/comments?post=407"}],"version-history":[{"count":4,"href":"https:\/\/axel-wirth-maschinen.de\/en\/wp-json\/wp\/v2\/pages\/407\/revisions"}],"predecessor-version":[{"id":6153,"href":"https:\/\/axel-wirth-maschinen.de\/en\/wp-json\/wp\/v2\/pages\/407\/revisions\/6153"}],"wp:attachment":[{"href":"https:\/\/axel-wirth-maschinen.de\/en\/wp-json\/wp\/v2\/media?parent=407"}],"wp:term":[{"taxonomy":"category","embeddable":true,"href":"https:\/\/axel-wirth-maschinen.de\/en\/wp-json\/wp\/v2\/categories?post=407"},{"taxonomy":"post_tag","embeddable":true,"href":"https:\/\/axel-wirth-maschinen.de\/en\/wp-json\/wp\/v2\/tags?post=407"}],"curies":[{"name":"wp","href":"https:\/\/api.w.org\/{rel}","templated":true}]}}