{"id":1433,"date":"2014-07-17T17:38:20","date_gmt":"2014-07-17T15:38:20","guid":{"rendered":"https:\/\/axel-wirth-maschinen.de\/WIP001\/?page_id=1433"},"modified":"2023-05-11T09:58:14","modified_gmt":"2023-05-11T07:58:14","slug":"history-and-commitment","status":"publish","type":"page","link":"https:\/\/axel-wirth-maschinen.de\/en\/about-us\/history-and-commitment\/","title":{"rendered":"History and Commitment"},"content":{"rendered":"<h2>Our growth, your success<\/h2>\n<p><span class=\"JLqJ4b ChMk0b\" data-language-for-alternatives=\"en\" data-language-to-translate-into=\"de\" data-phrase-index=\"0\">Over 1.000 glue application machines sold, many, many metering and reverse roller machines and steady, organic growth are the basis of our success today.<\/span> <!--more--><\/p>\n<p><span class=\"JLqJ4b ChMk0b\" data-language-for-alternatives=\"en\" data-language-to-translate-into=\"de\" data-phrase-index=\"1\">Our growth is therefore to your advantage, because you benefit from decades of experience.<\/span><\/p>\n<p><strong>1986 <\/strong>Axel Wirth Maschinen is founded by Mr. Axel Wirth. Construction of the first LW 100 as a glue application machine<br \/>\n<strong>1990<\/strong> Construction of the first oil application machine<br \/>\n<strong>2001 <\/strong>Entry of Mr. Max Wirth into the company Axel Wirth Maschinen<br \/>\n<strong>2006 <\/strong>Bau der ersten Vertreibereinheit mit Tellerwerkzeugen<br \/>\n<strong>2009<\/strong> Construction of the first distributor unit with plate tools<br \/>\n<strong>2011<\/strong> Gr\u00fcndung der Firma Axel Wirth Maschinen GmbH, mit Gesch\u00e4ftsf\u00fchrer Max Wirth<br \/>\n<strong>2012 <\/strong>Foundation of the company Axel Wirth Maschinen GmbH, with managing director Max Wirth<br \/>\n<strong>2014<\/strong>\u00a0Entry into profile coating and drying<br \/>\n<strong>2016<\/strong>\u00a0Axel Wirth Maschinen GmbH becomes a training company<br \/>\n<strong>2017<\/strong> Expansion of the production area to 1500 m\u00b2<br \/>\n<strong><span style=\"color: #000000;\">2018<\/span><\/strong>\u00a0Entry into high-gloss coating technology<br \/>\n<strong><span style=\"color: #000000;\">2019<\/span>\u00a0<\/strong>Development, construction and delivery of autonomously working machines, Industry 4.0, entry into flux application<br \/>\n<strong>2021 <\/strong>Construction of the first 5-color press line<br \/>\n<strong>2022<\/strong>\u00a0First construction of a DWO2400<\/p>\n<p><code style=\"display: none;\">\u00a0<\/code><code style=\"display: none;\"><\/code><\/p>\n<p><strong>Integrity and social engagement<\/strong><\/p>\n<p>The world is not just made up of machines. It is the people who build, sell, transport, assemble or operate these machines. That is why it has always been one of the basic values of our company to think outside the box. And not just technologically, or in the training and further education of our employees.<\/p>\n<p><code style=\"display: none;\"><\/code>We produce exclusively at the Oberkochen location and are happy to deliver German workmanship! Most of our cooperation partners and suppliers come from the region. Reliability and partnership ensure the greatest possible flexibility with consistently high quality. This strengthens our location, gives our employees and their families security and leads to long-term success - for us and our customers.<\/p>\n<p>We stand for openness to the world, tolerance and equality and support children's aid projects in Germany and Romania. Because despite all economic constraints, we are aware of the fact that we are privileged.<\/p>\n","protected":false},"excerpt":{"rendered":"<p>Our growth, your success Over 1.000 glue application machines sold, many, many metering and reverse roller machines and steady, organic growth are the basis of our success today.<\/p>\n","protected":false},"author":1,"featured_media":6144,"parent":435,"menu_order":0,"comment_status":"closed","ping_status":"closed","template":"","meta":{"_acf_changed":false,"om_disable_all_campaigns":false,"advgb_blocks_editor_width":"","advgb_blocks_columns_visual_guide":"","_monsterinsights_skip_tracking":false,"_monsterinsights_sitenote_active":false,"_monsterinsights_sitenote_note":"","_monsterinsights_sitenote_category":0,"_uf_show_specific_survey":0,"_uf_disable_surveys":false,"footnotes":""},"categories":[344],"tags":[],"class_list":["post-1433","page","type-page","status-publish","has-post-thumbnail","hentry","category-about-us"],"acf":[],"aioseo_notices":[],"coauthors":[],"author_meta":{"author_link":"https:\/\/axel-wirth-maschinen.de\/en\/author\/waaxewir\/","display_name":"waaxewir"},"relative_dates":{"created":"Posted 12 years ago","modified":"Updated 3 years ago"},"absolute_dates":{"created":"Posted on 17. July 2014","modified":"Updated on 11. May 2023"},"absolute_dates_time":{"created":"Posted on 17. July 2014 17:38","modified":"Updated on 11. May 2023 9:58"},"featured_img_caption":"","featured_img":"https:\/\/axel-wirth-maschinen.de\/wp-content\/uploads\/Axel-Wirth-Maschinen-LogoHQ.png","series_order":"","_links":{"self":[{"href":"https:\/\/axel-wirth-maschinen.de\/en\/wp-json\/wp\/v2\/pages\/1433","targetHints":{"allow":["GET"]}}],"collection":[{"href":"https:\/\/axel-wirth-maschinen.de\/en\/wp-json\/wp\/v2\/pages"}],"about":[{"href":"https:\/\/axel-wirth-maschinen.de\/en\/wp-json\/wp\/v2\/types\/page"}],"author":[{"embeddable":true,"href":"https:\/\/axel-wirth-maschinen.de\/en\/wp-json\/wp\/v2\/users\/1"}],"replies":[{"embeddable":true,"href":"https:\/\/axel-wirth-maschinen.de\/en\/wp-json\/wp\/v2\/comments?post=1433"}],"version-history":[{"count":13,"href":"https:\/\/axel-wirth-maschinen.de\/en\/wp-json\/wp\/v2\/pages\/1433\/revisions"}],"predecessor-version":[{"id":7918,"href":"https:\/\/axel-wirth-maschinen.de\/en\/wp-json\/wp\/v2\/pages\/1433\/revisions\/7918"}],"up":[{"embeddable":true,"href":"https:\/\/axel-wirth-maschinen.de\/en\/wp-json\/wp\/v2\/pages\/435"}],"wp:featuredmedia":[{"embeddable":true,"href":"https:\/\/axel-wirth-maschinen.de\/en\/wp-json\/wp\/v2\/media\/6144"}],"wp:attachment":[{"href":"https:\/\/axel-wirth-maschinen.de\/en\/wp-json\/wp\/v2\/media?parent=1433"}],"wp:term":[{"taxonomy":"category","embeddable":true,"href":"https:\/\/axel-wirth-maschinen.de\/en\/wp-json\/wp\/v2\/categories?post=1433"},{"taxonomy":"post_tag","embeddable":true,"href":"https:\/\/axel-wirth-maschinen.de\/en\/wp-json\/wp\/v2\/tags?post=1433"}],"curies":[{"name":"wp","href":"https:\/\/api.w.org\/{rel}","templated":true}]}}